{"id":5809,"date":"2022-06-08T15:40:04","date_gmt":"2022-06-08T13:40:04","guid":{"rendered":"https:\/\/demex.lilyweb.fr\/produit\/couve-branca\/"},"modified":"2022-06-08T15:40:04","modified_gmt":"2022-06-08T13:40:04","slug":"couve-branca","status":"publish","type":"product","link":"https:\/\/www.demex.fr\/pt-pt\/produto\/couve-branca\/","title":{"rendered":"Couve branca"},"content":{"rendered":"<p><span class=\"normal\"><strong>Origem<\/strong> :<br \/>\nFran\u00e7a, Hauts-de-France<br \/>\n<\/span><\/p>\n<dl class=\"infos_techniques\">\n<dt><strong>Calibre<\/strong> :<br \/>\n<label for=\"calibre57\">Di\u00e2metro 11\/16 cm (m\u00e9dio)<\/label><br \/>\n<label for=\"calibre29\">Di\u00e2metro 14\/21 cm (grande)<\/label><\/dt>\n<\/dl>\n<p><strong>Embalagem<\/strong> :<br \/>\n<label for=\"emballage185\">Rede de 6\/8 pe\u00e7as<br \/>\nParcela de madeira 6\/8 pe\u00e7as<br \/>\n<\/label><\/p>\n<p><span class=\"normal\"><strong>Aspeto culin\u00e1rio<\/strong> :<br \/>\nRetire o n\u00facleo danificado e as folhas. Lave-o. De acordo com os seus desejos: consumir cru ou cozido. Pode, para torn\u00e1-lo mais diger\u00edvel, escald\u00e1-lo em \u00e1gua fervente. Cozinhar 10 min a vapor.<br \/>\n<\/span><\/p>\n<p><strong>Aspeto de sabor<\/strong> :<br \/>\n<span class=\"normal\">Repolho \u00e9 rico em fibra. A ingest\u00e3o de vitaminas \u00e9 significativa para as vitaminas C e E. Em termos de minerais, ser\u00e1 essencialmente c\u00e1lcio.<\/span><\/p>\n","protected":false},"excerpt":{"rendered":"<p>Origem : Fran\u00e7a, Hauts-de-France Calibre : Di\u00e2metro 11\/16 cm (m\u00e9dio) Di\u00e2metro 14\/21 cm (grande) Embalagem : Rede de 6\/8 pe\u00e7as Parcela de madeira 6\/8 pe\u00e7as Aspeto culin\u00e1rio : Retire o n\u00facleo danificado e as folhas. Lave-o. De acordo com os seus desejos: consumir cru ou&#8230;<\/p>\n","protected":false},"featured_media":4003,"template":"","meta":[],"product_cat":[177],"product_tag":[],"class_list":["post-5809","product","type-product","status-publish","has-post-thumbnail","hentry","product_cat-legumes-pt-pt"],"yoast_head":"<!-- This site is optimized with the Yoast SEO plugin v21.2 - https:\/\/yoast.com\/wordpress\/plugins\/seo\/ -->\n<title>Couve branca, exporta\u00e7\u00e3o para o mercado mundial | DEMEX<\/title>\n<meta name=\"robots\" content=\"index, follow, max-snippet:-1, max-image-preview:large, max-video-preview:-1\" \/>\n<link rel=\"canonical\" href=\"https:\/\/www.demex.fr\/pt-pt\/produto\/couve-branca\/\" \/>\n<meta property=\"og:locale\" content=\"pt_PT\" \/>\n<meta property=\"og:type\" content=\"article\" \/>\n<meta property=\"og:title\" content=\"Couve branca, exporta\u00e7\u00e3o para o mercado mundial | DEMEX\" \/>\n<meta property=\"og:description\" content=\"Origem : Fran\u00e7a, Hauts-de-France Calibre : Di\u00e2metro 11\/16 cm (m\u00e9dio) Di\u00e2metro 14\/21 cm (grande) Embalagem : Rede de 6\/8 pe\u00e7as Parcela de madeira 6\/8 pe\u00e7as Aspeto culin\u00e1rio : Retire o n\u00facleo danificado e as folhas. Lave-o. De acordo com os seus desejos: consumir cru ou...\" \/>\n<meta property=\"og:url\" content=\"https:\/\/www.demex.fr\/pt-pt\/produto\/couve-branca\/\" \/>\n<meta property=\"og:site_name\" content=\"DEMEX\" \/>\n<meta property=\"article:publisher\" content=\"https:\/\/fr-fr.facebook.com\/people\/DEMEX-Potatoes-Vegetables\/100071674261658\/\" \/>\n<meta property=\"og:image\" content=\"https:\/\/www.demex.fr\/wp-content\/uploads\/2022\/06\/chou-blanc.jpg\" \/>\n\t<meta property=\"og:image:width\" content=\"300\" \/>\n\t<meta property=\"og:image:height\" content=\"300\" \/>\n\t<meta property=\"og:image:type\" content=\"image\/jpeg\" \/>\n<meta name=\"twitter:card\" content=\"summary_large_image\" \/>\n<script type=\"application\/ld+json\" class=\"yoast-schema-graph\">{\"@context\":\"https:\/\/schema.org\",\"@graph\":[{\"@type\":\"WebPage\",\"@id\":\"https:\/\/www.demex.fr\/pt-pt\/produto\/couve-branca\/\",\"url\":\"https:\/\/www.demex.fr\/pt-pt\/produto\/couve-branca\/\",\"name\":\"Couve branca, exporta\u00e7\u00e3o para o mercado mundial | DEMEX\",\"isPartOf\":{\"@id\":\"https:\/\/www.demex.fr\/pt-pt\/#website\"},\"datePublished\":\"2022-06-08T13:40:04+00:00\",\"dateModified\":\"2022-06-08T13:40:04+00:00\",\"breadcrumb\":{\"@id\":\"https:\/\/www.demex.fr\/pt-pt\/produto\/couve-branca\/#breadcrumb\"},\"inLanguage\":\"pt-PT\",\"potentialAction\":[{\"@type\":\"ReadAction\",\"target\":[\"https:\/\/www.demex.fr\/pt-pt\/produto\/couve-branca\/\"]}]},{\"@type\":\"BreadcrumbList\",\"@id\":\"https:\/\/www.demex.fr\/pt-pt\/produto\/couve-branca\/#breadcrumb\",\"itemListElement\":[{\"@type\":\"ListItem\",\"position\":1,\"name\":\"Accueil\",\"item\":\"https:\/\/www.demex.fr\/pt-pt\/\"},{\"@type\":\"ListItem\",\"position\":2,\"name\":\"Os nossos produtos\",\"item\":\"https:\/\/www.demex.fr\/pt-pt\/nossos-produtos\/\"},{\"@type\":\"ListItem\",\"position\":3,\"name\":\"Couve branca\"}]},{\"@type\":\"WebSite\",\"@id\":\"https:\/\/www.demex.fr\/pt-pt\/#website\",\"url\":\"https:\/\/www.demex.fr\/pt-pt\/\",\"name\":\"DEMEX\",\"description\":\"N\u00e9goce-Conditionneur en Pommes de terre\",\"publisher\":{\"@id\":\"https:\/\/www.demex.fr\/pt-pt\/#organization\"},\"potentialAction\":[{\"@type\":\"SearchAction\",\"target\":{\"@type\":\"EntryPoint\",\"urlTemplate\":\"https:\/\/www.demex.fr\/pt-pt\/?s={search_term_string}\"},\"query-input\":\"required name=search_term_string\"}],\"inLanguage\":\"pt-PT\"},{\"@type\":\"Organization\",\"@id\":\"https:\/\/www.demex.fr\/pt-pt\/#organization\",\"name\":\"DEMEX\",\"url\":\"https:\/\/www.demex.fr\/pt-pt\/\",\"logo\":{\"@type\":\"ImageObject\",\"inLanguage\":\"pt-PT\",\"@id\":\"https:\/\/www.demex.fr\/pt-pt\/#\/schema\/logo\/image\/\",\"url\":\"https:\/\/demex.lilyweb.fr\/wp-content\/uploads\/2022\/02\/logo-Demex.png\",\"contentUrl\":\"https:\/\/demex.lilyweb.fr\/wp-content\/uploads\/2022\/02\/logo-Demex.png\",\"width\":145,\"height\":63,\"caption\":\"DEMEX\"},\"image\":{\"@id\":\"https:\/\/www.demex.fr\/pt-pt\/#\/schema\/logo\/image\/\"},\"sameAs\":[\"https:\/\/fr-fr.facebook.com\/people\/DEMEX-Potatoes-Vegetables\/100071674261658\/\"]}]}<\/script>\n<!-- \/ Yoast SEO plugin. -->","yoast_head_json":{"title":"Couve branca, exporta\u00e7\u00e3o para o mercado mundial | DEMEX","robots":{"index":"index","follow":"follow","max-snippet":"max-snippet:-1","max-image-preview":"max-image-preview:large","max-video-preview":"max-video-preview:-1"},"canonical":"https:\/\/www.demex.fr\/pt-pt\/produto\/couve-branca\/","og_locale":"pt_PT","og_type":"article","og_title":"Couve branca, exporta\u00e7\u00e3o para o mercado mundial | DEMEX","og_description":"Origem : Fran\u00e7a, Hauts-de-France Calibre : Di\u00e2metro 11\/16 cm (m\u00e9dio) Di\u00e2metro 14\/21 cm (grande) Embalagem : Rede de 6\/8 pe\u00e7as Parcela de madeira 6\/8 pe\u00e7as Aspeto culin\u00e1rio : Retire o n\u00facleo danificado e as folhas. Lave-o. De acordo com os seus desejos: consumir cru ou...","og_url":"https:\/\/www.demex.fr\/pt-pt\/produto\/couve-branca\/","og_site_name":"DEMEX","article_publisher":"https:\/\/fr-fr.facebook.com\/people\/DEMEX-Potatoes-Vegetables\/100071674261658\/","og_image":[{"width":300,"height":300,"url":"https:\/\/www.demex.fr\/wp-content\/uploads\/2022\/06\/chou-blanc.jpg","type":"image\/jpeg"}],"twitter_card":"summary_large_image","schema":{"@context":"https:\/\/schema.org","@graph":[{"@type":"WebPage","@id":"https:\/\/www.demex.fr\/pt-pt\/produto\/couve-branca\/","url":"https:\/\/www.demex.fr\/pt-pt\/produto\/couve-branca\/","name":"Couve branca, exporta\u00e7\u00e3o para o mercado mundial | DEMEX","isPartOf":{"@id":"https:\/\/www.demex.fr\/pt-pt\/#website"},"datePublished":"2022-06-08T13:40:04+00:00","dateModified":"2022-06-08T13:40:04+00:00","breadcrumb":{"@id":"https:\/\/www.demex.fr\/pt-pt\/produto\/couve-branca\/#breadcrumb"},"inLanguage":"pt-PT","potentialAction":[{"@type":"ReadAction","target":["https:\/\/www.demex.fr\/pt-pt\/produto\/couve-branca\/"]}]},{"@type":"BreadcrumbList","@id":"https:\/\/www.demex.fr\/pt-pt\/produto\/couve-branca\/#breadcrumb","itemListElement":[{"@type":"ListItem","position":1,"name":"Accueil","item":"https:\/\/www.demex.fr\/pt-pt\/"},{"@type":"ListItem","position":2,"name":"Os nossos produtos","item":"https:\/\/www.demex.fr\/pt-pt\/nossos-produtos\/"},{"@type":"ListItem","position":3,"name":"Couve branca"}]},{"@type":"WebSite","@id":"https:\/\/www.demex.fr\/pt-pt\/#website","url":"https:\/\/www.demex.fr\/pt-pt\/","name":"DEMEX","description":"N\u00e9goce-Conditionneur en Pommes de terre","publisher":{"@id":"https:\/\/www.demex.fr\/pt-pt\/#organization"},"potentialAction":[{"@type":"SearchAction","target":{"@type":"EntryPoint","urlTemplate":"https:\/\/www.demex.fr\/pt-pt\/?s={search_term_string}"},"query-input":"required name=search_term_string"}],"inLanguage":"pt-PT"},{"@type":"Organization","@id":"https:\/\/www.demex.fr\/pt-pt\/#organization","name":"DEMEX","url":"https:\/\/www.demex.fr\/pt-pt\/","logo":{"@type":"ImageObject","inLanguage":"pt-PT","@id":"https:\/\/www.demex.fr\/pt-pt\/#\/schema\/logo\/image\/","url":"https:\/\/demex.lilyweb.fr\/wp-content\/uploads\/2022\/02\/logo-Demex.png","contentUrl":"https:\/\/demex.lilyweb.fr\/wp-content\/uploads\/2022\/02\/logo-Demex.png","width":145,"height":63,"caption":"DEMEX"},"image":{"@id":"https:\/\/www.demex.fr\/pt-pt\/#\/schema\/logo\/image\/"},"sameAs":["https:\/\/fr-fr.facebook.com\/people\/DEMEX-Potatoes-Vegetables\/100071674261658\/"]}]}},"_links":{"self":[{"href":"https:\/\/www.demex.fr\/pt-pt\/wp-json\/wp\/v2\/product\/5809","targetHints":{"allow":["GET"]}}],"collection":[{"href":"https:\/\/www.demex.fr\/pt-pt\/wp-json\/wp\/v2\/product"}],"about":[{"href":"https:\/\/www.demex.fr\/pt-pt\/wp-json\/wp\/v2\/types\/product"}],"wp:featuredmedia":[{"embeddable":true,"href":"https:\/\/www.demex.fr\/pt-pt\/wp-json\/wp\/v2\/media\/4003"}],"wp:attachment":[{"href":"https:\/\/www.demex.fr\/pt-pt\/wp-json\/wp\/v2\/media?parent=5809"}],"wp:term":[{"taxonomy":"product_cat","embeddable":true,"href":"https:\/\/www.demex.fr\/pt-pt\/wp-json\/wp\/v2\/product_cat?post=5809"},{"taxonomy":"product_tag","embeddable":true,"href":"https:\/\/www.demex.fr\/pt-pt\/wp-json\/wp\/v2\/product_tag?post=5809"}],"curies":[{"name":"wp","href":"https:\/\/api.w.org\/{rel}","templated":true}]}}