{"id":5893,"date":"2022-06-08T11:55:07","date_gmt":"2022-06-08T09:55:07","guid":{"rendered":"https:\/\/demex.lilyweb.fr\/produit\/brokul\/"},"modified":"2022-06-08T11:55:07","modified_gmt":"2022-06-08T09:55:07","slug":"brokul","status":"publish","type":"product","link":"https:\/\/www.demex.fr\/pl\/produkt\/brokul\/","title":{"rendered":"Broku\u0142"},"content":{"rendered":"<p><span class=\"normal\"><strong>Pochodzenie<\/strong> :<br \/>\nFrancja, Bretania<br \/>\n<\/span><\/p>\n<dl class=\"infos_techniques\">\n<dt><strong>Kaliber<\/strong> :<br \/>\n<label for=\"calibre73\">Sprzeda\u017c hurtowa: 600\/800g<br \/>\n<\/label> <label for=\"calibre74\">\u015arednie: 350-520g<\/label><br \/>\n<label for=\"calibre70\">Rozmiar: 14-18cm<\/label><br \/>\n<label for=\"calibre71\">Rozmiar: 8-14cm<\/label><\/dt>\n<\/dl>\n<p><strong>Opakowanie<\/strong> :<br \/>\n<label for=\"emballage152\">Opakowanie polistyrenowe 4\/5\/8 kg (broku\u0142y glazurowane)<\/label><br \/>\n<label for=\"emballage23\">Pude\u0142ko drewniane 5 kg<\/label><\/p>\n<p><span class=\"normal\"><strong>Aspekt kulinarny<\/strong> :<br \/>\nBroku\u0142y s\u0105 szczeg\u00f3lnie bogate w witamin\u0119 C. Jest r\u00f3wnie\u017c \u017ar\u00f3d\u0142em witaminy B9 (lub przyjaznego immunologicznie kwasu foliowego), prowitaminy A (lub karotenu) i b\u0142onnika.<br \/>\nNiekt\u00f3re badania wykaza\u0142y w\u0142a\u015bciwo\u015bci zapobiegawcze przeciwko niekt\u00f3rym nowotworom.<br \/>\n<\/span><\/p>\n<p><strong>Aspekt smakowy<\/strong> :<strong><br \/>\n<\/strong>Przygotuj broku\u0142y, przepuszczaj\u0105c je pod wod\u0119, pokr\u00f3j \u0142odyg\u0119 i gotuj kr\u00f3tko: 5 minut gotowane na parze na chrupi\u0105ce broku\u0142y, 7-10 minut we wrz\u0105cej s\u0142onej wodzie do topienia broku\u0142\u00f3w i 6-8 minut w kuchence mikrofalowej dla tych, kt\u00f3rzy si\u0119 spiesz\u0105.<\/p>\n","protected":false},"excerpt":{"rendered":"<p>Pochodzenie : Francja, Bretania Kaliber : Sprzeda\u017c hurtowa: 600\/800g \u015arednie: 350-520g Rozmiar: 14-18cm Rozmiar: 8-14cm Opakowanie : Opakowanie polistyrenowe 4\/5\/8 kg (broku\u0142y glazurowane) Pude\u0142ko drewniane 5 kg Aspekt kulinarny : Broku\u0142y s\u0105 szczeg\u00f3lnie bogate w witamin\u0119 C. Jest r\u00f3wnie\u017c \u017ar\u00f3d\u0142em witaminy B9 (lub przyjaznego immunologicznie&#8230;<\/p>\n","protected":false},"featured_media":3642,"template":"","meta":[],"product_cat":[159],"product_tag":[],"class_list":["post-5893","product","type-product","status-publish","has-post-thumbnail","hentry","product_cat-zielenina"],"yoast_head":"<!-- This site is optimized with the Yoast SEO plugin v21.2 - https:\/\/yoast.com\/wordpress\/plugins\/seo\/ -->\n<title>Broku\u0142, eksport na rynek \u015bwiatowy | DEMEX<\/title>\n<meta name=\"robots\" content=\"index, follow, max-snippet:-1, max-image-preview:large, max-video-preview:-1\" \/>\n<link rel=\"canonical\" href=\"https:\/\/www.demex.fr\/pl\/produkt\/brokul\/\" \/>\n<meta property=\"og:locale\" content=\"pl_PL\" \/>\n<meta property=\"og:type\" content=\"article\" \/>\n<meta property=\"og:title\" content=\"Broku\u0142, eksport na rynek \u015bwiatowy | DEMEX\" \/>\n<meta property=\"og:description\" content=\"Pochodzenie : Francja, Bretania Kaliber : Sprzeda\u017c hurtowa: 600\/800g \u015arednie: 350-520g Rozmiar: 14-18cm Rozmiar: 8-14cm Opakowanie : Opakowanie polistyrenowe 4\/5\/8 kg (broku\u0142y glazurowane) Pude\u0142ko drewniane 5 kg Aspekt kulinarny : Broku\u0142y s\u0105 szczeg\u00f3lnie bogate w witamin\u0119 C. Jest r\u00f3wnie\u017c \u017ar\u00f3d\u0142em witaminy B9 (lub przyjaznego immunologicznie...\" \/>\n<meta property=\"og:url\" content=\"https:\/\/www.demex.fr\/pl\/produkt\/brokul\/\" \/>\n<meta property=\"og:site_name\" content=\"DEMEX\" \/>\n<meta property=\"article:publisher\" content=\"https:\/\/fr-fr.facebook.com\/people\/DEMEX-Potatoes-Vegetables\/100071674261658\/\" \/>\n<meta property=\"og:image\" content=\"https:\/\/www.demex.fr\/wp-content\/uploads\/2022\/06\/brocolis.jpg\" \/>\n\t<meta property=\"og:image:width\" content=\"600\" \/>\n\t<meta property=\"og:image:height\" content=\"600\" \/>\n\t<meta property=\"og:image:type\" content=\"image\/jpeg\" \/>\n<meta name=\"twitter:card\" content=\"summary_large_image\" \/>\n<meta name=\"twitter:label1\" content=\"Szacowany czas czytania\" \/>\n\t<meta name=\"twitter:data1\" content=\"1 minuta\" \/>\n<script type=\"application\/ld+json\" class=\"yoast-schema-graph\">{\"@context\":\"https:\/\/schema.org\",\"@graph\":[{\"@type\":\"WebPage\",\"@id\":\"https:\/\/www.demex.fr\/pl\/produkt\/brokul\/\",\"url\":\"https:\/\/www.demex.fr\/pl\/produkt\/brokul\/\",\"name\":\"Broku\u0142, eksport na rynek \u015bwiatowy | DEMEX\",\"isPartOf\":{\"@id\":\"https:\/\/www.demex.fr\/pl\/#website\"},\"datePublished\":\"2022-06-08T09:55:07+00:00\",\"dateModified\":\"2022-06-08T09:55:07+00:00\",\"breadcrumb\":{\"@id\":\"https:\/\/www.demex.fr\/pl\/produkt\/brokul\/#breadcrumb\"},\"inLanguage\":\"pl-PL\",\"potentialAction\":[{\"@type\":\"ReadAction\",\"target\":[\"https:\/\/www.demex.fr\/pl\/produkt\/brokul\/\"]}]},{\"@type\":\"BreadcrumbList\",\"@id\":\"https:\/\/www.demex.fr\/pl\/produkt\/brokul\/#breadcrumb\",\"itemListElement\":[{\"@type\":\"ListItem\",\"position\":1,\"name\":\"Accueil\",\"item\":\"https:\/\/www.demex.fr\/pl\/\"},{\"@type\":\"ListItem\",\"position\":2,\"name\":\"Nasze produkty\",\"item\":\"https:\/\/www.demex.fr\/pl\/nasze-produkty\/\"},{\"@type\":\"ListItem\",\"position\":3,\"name\":\"Broku\u0142\"}]},{\"@type\":\"WebSite\",\"@id\":\"https:\/\/www.demex.fr\/pl\/#website\",\"url\":\"https:\/\/www.demex.fr\/pl\/\",\"name\":\"DEMEX\",\"description\":\"N\u00e9goce-Conditionneur en Pommes de terre\",\"publisher\":{\"@id\":\"https:\/\/www.demex.fr\/pl\/#organization\"},\"potentialAction\":[{\"@type\":\"SearchAction\",\"target\":{\"@type\":\"EntryPoint\",\"urlTemplate\":\"https:\/\/www.demex.fr\/pl\/?s={search_term_string}\"},\"query-input\":\"required name=search_term_string\"}],\"inLanguage\":\"pl-PL\"},{\"@type\":\"Organization\",\"@id\":\"https:\/\/www.demex.fr\/pl\/#organization\",\"name\":\"DEMEX\",\"url\":\"https:\/\/www.demex.fr\/pl\/\",\"logo\":{\"@type\":\"ImageObject\",\"inLanguage\":\"pl-PL\",\"@id\":\"https:\/\/www.demex.fr\/pl\/#\/schema\/logo\/image\/\",\"url\":\"https:\/\/demex.lilyweb.fr\/wp-content\/uploads\/2022\/02\/logo-Demex.png\",\"contentUrl\":\"https:\/\/demex.lilyweb.fr\/wp-content\/uploads\/2022\/02\/logo-Demex.png\",\"width\":145,\"height\":63,\"caption\":\"DEMEX\"},\"image\":{\"@id\":\"https:\/\/www.demex.fr\/pl\/#\/schema\/logo\/image\/\"},\"sameAs\":[\"https:\/\/fr-fr.facebook.com\/people\/DEMEX-Potatoes-Vegetables\/100071674261658\/\"]}]}<\/script>\n<!-- \/ Yoast SEO plugin. -->","yoast_head_json":{"title":"Broku\u0142, eksport na rynek \u015bwiatowy | DEMEX","robots":{"index":"index","follow":"follow","max-snippet":"max-snippet:-1","max-image-preview":"max-image-preview:large","max-video-preview":"max-video-preview:-1"},"canonical":"https:\/\/www.demex.fr\/pl\/produkt\/brokul\/","og_locale":"pl_PL","og_type":"article","og_title":"Broku\u0142, eksport na rynek \u015bwiatowy | DEMEX","og_description":"Pochodzenie : Francja, Bretania Kaliber : Sprzeda\u017c hurtowa: 600\/800g \u015arednie: 350-520g Rozmiar: 14-18cm Rozmiar: 8-14cm Opakowanie : Opakowanie polistyrenowe 4\/5\/8 kg (broku\u0142y glazurowane) Pude\u0142ko drewniane 5 kg Aspekt kulinarny : Broku\u0142y s\u0105 szczeg\u00f3lnie bogate w witamin\u0119 C. Jest r\u00f3wnie\u017c \u017ar\u00f3d\u0142em witaminy B9 (lub przyjaznego immunologicznie...","og_url":"https:\/\/www.demex.fr\/pl\/produkt\/brokul\/","og_site_name":"DEMEX","article_publisher":"https:\/\/fr-fr.facebook.com\/people\/DEMEX-Potatoes-Vegetables\/100071674261658\/","og_image":[{"width":600,"height":600,"url":"https:\/\/www.demex.fr\/wp-content\/uploads\/2022\/06\/brocolis.jpg","type":"image\/jpeg"}],"twitter_card":"summary_large_image","twitter_misc":{"Szacowany czas czytania":"1 minuta"},"schema":{"@context":"https:\/\/schema.org","@graph":[{"@type":"WebPage","@id":"https:\/\/www.demex.fr\/pl\/produkt\/brokul\/","url":"https:\/\/www.demex.fr\/pl\/produkt\/brokul\/","name":"Broku\u0142, eksport na rynek \u015bwiatowy | DEMEX","isPartOf":{"@id":"https:\/\/www.demex.fr\/pl\/#website"},"datePublished":"2022-06-08T09:55:07+00:00","dateModified":"2022-06-08T09:55:07+00:00","breadcrumb":{"@id":"https:\/\/www.demex.fr\/pl\/produkt\/brokul\/#breadcrumb"},"inLanguage":"pl-PL","potentialAction":[{"@type":"ReadAction","target":["https:\/\/www.demex.fr\/pl\/produkt\/brokul\/"]}]},{"@type":"BreadcrumbList","@id":"https:\/\/www.demex.fr\/pl\/produkt\/brokul\/#breadcrumb","itemListElement":[{"@type":"ListItem","position":1,"name":"Accueil","item":"https:\/\/www.demex.fr\/pl\/"},{"@type":"ListItem","position":2,"name":"Nasze produkty","item":"https:\/\/www.demex.fr\/pl\/nasze-produkty\/"},{"@type":"ListItem","position":3,"name":"Broku\u0142"}]},{"@type":"WebSite","@id":"https:\/\/www.demex.fr\/pl\/#website","url":"https:\/\/www.demex.fr\/pl\/","name":"DEMEX","description":"N\u00e9goce-Conditionneur en Pommes de terre","publisher":{"@id":"https:\/\/www.demex.fr\/pl\/#organization"},"potentialAction":[{"@type":"SearchAction","target":{"@type":"EntryPoint","urlTemplate":"https:\/\/www.demex.fr\/pl\/?s={search_term_string}"},"query-input":"required name=search_term_string"}],"inLanguage":"pl-PL"},{"@type":"Organization","@id":"https:\/\/www.demex.fr\/pl\/#organization","name":"DEMEX","url":"https:\/\/www.demex.fr\/pl\/","logo":{"@type":"ImageObject","inLanguage":"pl-PL","@id":"https:\/\/www.demex.fr\/pl\/#\/schema\/logo\/image\/","url":"https:\/\/demex.lilyweb.fr\/wp-content\/uploads\/2022\/02\/logo-Demex.png","contentUrl":"https:\/\/demex.lilyweb.fr\/wp-content\/uploads\/2022\/02\/logo-Demex.png","width":145,"height":63,"caption":"DEMEX"},"image":{"@id":"https:\/\/www.demex.fr\/pl\/#\/schema\/logo\/image\/"},"sameAs":["https:\/\/fr-fr.facebook.com\/people\/DEMEX-Potatoes-Vegetables\/100071674261658\/"]}]}},"_links":{"self":[{"href":"https:\/\/www.demex.fr\/pl\/wp-json\/wp\/v2\/product\/5893","targetHints":{"allow":["GET"]}}],"collection":[{"href":"https:\/\/www.demex.fr\/pl\/wp-json\/wp\/v2\/product"}],"about":[{"href":"https:\/\/www.demex.fr\/pl\/wp-json\/wp\/v2\/types\/product"}],"wp:featuredmedia":[{"embeddable":true,"href":"https:\/\/www.demex.fr\/pl\/wp-json\/wp\/v2\/media\/3642"}],"wp:attachment":[{"href":"https:\/\/www.demex.fr\/pl\/wp-json\/wp\/v2\/media?parent=5893"}],"wp:term":[{"taxonomy":"product_cat","embeddable":true,"href":"https:\/\/www.demex.fr\/pl\/wp-json\/wp\/v2\/product_cat?post=5893"},{"taxonomy":"product_tag","embeddable":true,"href":"https:\/\/www.demex.fr\/pl\/wp-json\/wp\/v2\/product_tag?post=5893"}],"curies":[{"name":"wp","href":"https:\/\/api.w.org\/{rel}","templated":true}]}}