{"id":5553,"date":"2022-06-10T09:41:52","date_gmt":"2022-06-10T07:41:52","guid":{"rendered":"https:\/\/demex.lilyweb.fr\/produit\/blomkal\/"},"modified":"2022-06-10T09:41:52","modified_gmt":"2022-06-10T07:41:52","slug":"blomkal","status":"publish","type":"product","link":"https:\/\/www.demex.fr\/no\/produkt\/blomkal\/","title":{"rendered":"Blomk\u00e5l"},"content":{"rendered":"<p><span class=\"normal\"><strong>Opprinnelse<\/strong> :<\/span><br \/>\n <span class=\"normal\">Frankrike, Bretagne og Hauts-de-France<\/span><br \/>\n Finnes ogs\u00e5 i farger<br \/>\n5.500 tonn markedsf\u00f8rt<\/p>\n<dl class=\"infos_techniques\">\n<dt><strong>Kaliber<\/strong> :<br \/>\n11 hoder<br \/>\n<label for=\"calibre23\">6 hoder<\/label><br \/>\n <label for=\"calibre22\">8 hoder<\/label><\/dt>\n<\/dl>\n<p><strong>Pakking<\/strong> :<br \/>\n<label for=\"emballage7\">Pappeske x6 eller x8<\/label><br \/>\n <label for=\"emballage8\">Trekasse x6 eller x8<\/label><\/p>\n<p><span class=\"normal\"><strong>Kulinarisk aspekt<\/strong> :<br \/>\nSkyll den, og skill deretter bukettene. Etter dine \u00f8nsker: r\u00e5 (som aperitiff) eller kokt. Kok 15 min i kokende vann eller 5 min i damp.<br \/>\n<\/span><\/p>\n<p><strong>Smaksaspekt<\/strong> :<strong><br \/>\n<\/strong><span class=\"normal\">Blomk\u00e5l er sv\u00e6rt h\u00f8y i fiber. Tilgangen av vitaminer er betydelig for vitamin C og B. N\u00e5r det gjelder mineraler, vil det hovedsakelig v\u00e6re magnesium og kalsium.<\/span><\/p>\n","protected":false},"excerpt":{"rendered":"<p>Opprinnelse : Frankrike, Bretagne og Hauts-de-France Finnes ogs\u00e5 i farger 5.500 tonn markedsf\u00f8rt Kaliber : 11 hoder 6 hoder 8 hoder Pakking : Pappeske x6 eller x8 Trekasse x6 eller x8 Kulinarisk aspekt : Skyll den, og skill deretter bukettene. Etter dine \u00f8nsker: r\u00e5 (som&#8230;<\/p>\n","protected":false},"featured_media":4313,"template":"","meta":[],"product_cat":[158],"product_tag":[],"class_list":["post-5553","product","type-product","status-publish","has-post-thumbnail","hentry","product_cat-gronnsaker"],"yoast_head":"<!-- This site is optimized with the Yoast SEO plugin v21.2 - https:\/\/yoast.com\/wordpress\/plugins\/seo\/ -->\n<title>Blomk\u00e5l, eksport til verdensmarkedet  | DEMEX<\/title>\n<meta name=\"robots\" content=\"index, follow, max-snippet:-1, max-image-preview:large, max-video-preview:-1\" \/>\n<link rel=\"canonical\" href=\"https:\/\/www.demex.fr\/no\/produkt\/blomkal\/\" \/>\n<meta property=\"og:locale\" content=\"nb_NO\" \/>\n<meta property=\"og:type\" content=\"article\" \/>\n<meta property=\"og:title\" content=\"Blomk\u00e5l, eksport til verdensmarkedet  | DEMEX\" \/>\n<meta property=\"og:description\" content=\"Opprinnelse : Frankrike, Bretagne og Hauts-de-France Finnes ogs\u00e5 i farger 5.500 tonn markedsf\u00f8rt Kaliber : 11 hoder 6 hoder 8 hoder Pakking : Pappeske x6 eller x8 Trekasse x6 eller x8 Kulinarisk aspekt : Skyll den, og skill deretter bukettene. Etter dine \u00f8nsker: r\u00e5 (som...\" \/>\n<meta property=\"og:url\" content=\"https:\/\/www.demex.fr\/no\/produkt\/blomkal\/\" \/>\n<meta property=\"og:site_name\" content=\"DEMEX\" \/>\n<meta property=\"article:publisher\" content=\"https:\/\/fr-fr.facebook.com\/people\/DEMEX-Potatoes-Vegetables\/100071674261658\/\" \/>\n<meta property=\"og:image\" content=\"https:\/\/www.demex.fr\/wp-content\/uploads\/2022\/06\/chou-fleur.jpg\" \/>\n\t<meta property=\"og:image:width\" content=\"600\" \/>\n\t<meta property=\"og:image:height\" content=\"600\" \/>\n\t<meta property=\"og:image:type\" content=\"image\/jpeg\" \/>\n<meta name=\"twitter:card\" content=\"summary_large_image\" \/>\n<script type=\"application\/ld+json\" class=\"yoast-schema-graph\">{\"@context\":\"https:\/\/schema.org\",\"@graph\":[{\"@type\":\"WebPage\",\"@id\":\"https:\/\/www.demex.fr\/no\/produkt\/blomkal\/\",\"url\":\"https:\/\/www.demex.fr\/no\/produkt\/blomkal\/\",\"name\":\"Blomk\u00e5l, eksport til verdensmarkedet | DEMEX\",\"isPartOf\":{\"@id\":\"https:\/\/www.demex.fr\/no\/#website\"},\"datePublished\":\"2022-06-10T07:41:52+00:00\",\"dateModified\":\"2022-06-10T07:41:52+00:00\",\"breadcrumb\":{\"@id\":\"https:\/\/www.demex.fr\/no\/produkt\/blomkal\/#breadcrumb\"},\"inLanguage\":\"nb-NO\",\"potentialAction\":[{\"@type\":\"ReadAction\",\"target\":[\"https:\/\/www.demex.fr\/no\/produkt\/blomkal\/\"]}]},{\"@type\":\"BreadcrumbList\",\"@id\":\"https:\/\/www.demex.fr\/no\/produkt\/blomkal\/#breadcrumb\",\"itemListElement\":[{\"@type\":\"ListItem\",\"position\":1,\"name\":\"Accueil\",\"item\":\"https:\/\/www.demex.fr\/no\/\"},{\"@type\":\"ListItem\",\"position\":2,\"name\":\"V\u00e5re produkter\",\"item\":\"https:\/\/www.demex.fr\/no\/vare-produkter\/\"},{\"@type\":\"ListItem\",\"position\":3,\"name\":\"Blomk\u00e5l\"}]},{\"@type\":\"WebSite\",\"@id\":\"https:\/\/www.demex.fr\/no\/#website\",\"url\":\"https:\/\/www.demex.fr\/no\/\",\"name\":\"DEMEX\",\"description\":\"N\u00e9goce-Conditionneur en Pommes de terre\",\"publisher\":{\"@id\":\"https:\/\/www.demex.fr\/no\/#organization\"},\"potentialAction\":[{\"@type\":\"SearchAction\",\"target\":{\"@type\":\"EntryPoint\",\"urlTemplate\":\"https:\/\/www.demex.fr\/no\/?s={search_term_string}\"},\"query-input\":\"required name=search_term_string\"}],\"inLanguage\":\"nb-NO\"},{\"@type\":\"Organization\",\"@id\":\"https:\/\/www.demex.fr\/no\/#organization\",\"name\":\"DEMEX\",\"url\":\"https:\/\/www.demex.fr\/no\/\",\"logo\":{\"@type\":\"ImageObject\",\"inLanguage\":\"nb-NO\",\"@id\":\"https:\/\/www.demex.fr\/no\/#\/schema\/logo\/image\/\",\"url\":\"https:\/\/demex.lilyweb.fr\/wp-content\/uploads\/2022\/02\/logo-Demex.png\",\"contentUrl\":\"https:\/\/demex.lilyweb.fr\/wp-content\/uploads\/2022\/02\/logo-Demex.png\",\"width\":145,\"height\":63,\"caption\":\"DEMEX\"},\"image\":{\"@id\":\"https:\/\/www.demex.fr\/no\/#\/schema\/logo\/image\/\"},\"sameAs\":[\"https:\/\/fr-fr.facebook.com\/people\/DEMEX-Potatoes-Vegetables\/100071674261658\/\"]}]}<\/script>\n<!-- \/ Yoast SEO plugin. -->","yoast_head_json":{"title":"Blomk\u00e5l, eksport til verdensmarkedet  | DEMEX","robots":{"index":"index","follow":"follow","max-snippet":"max-snippet:-1","max-image-preview":"max-image-preview:large","max-video-preview":"max-video-preview:-1"},"canonical":"https:\/\/www.demex.fr\/no\/produkt\/blomkal\/","og_locale":"nb_NO","og_type":"article","og_title":"Blomk\u00e5l, eksport til verdensmarkedet  | DEMEX","og_description":"Opprinnelse : Frankrike, Bretagne og Hauts-de-France Finnes ogs\u00e5 i farger 5.500 tonn markedsf\u00f8rt Kaliber : 11 hoder 6 hoder 8 hoder Pakking : Pappeske x6 eller x8 Trekasse x6 eller x8 Kulinarisk aspekt : Skyll den, og skill deretter bukettene. Etter dine \u00f8nsker: r\u00e5 (som...","og_url":"https:\/\/www.demex.fr\/no\/produkt\/blomkal\/","og_site_name":"DEMEX","article_publisher":"https:\/\/fr-fr.facebook.com\/people\/DEMEX-Potatoes-Vegetables\/100071674261658\/","og_image":[{"width":600,"height":600,"url":"https:\/\/www.demex.fr\/wp-content\/uploads\/2022\/06\/chou-fleur.jpg","type":"image\/jpeg"}],"twitter_card":"summary_large_image","schema":{"@context":"https:\/\/schema.org","@graph":[{"@type":"WebPage","@id":"https:\/\/www.demex.fr\/no\/produkt\/blomkal\/","url":"https:\/\/www.demex.fr\/no\/produkt\/blomkal\/","name":"Blomk\u00e5l, eksport til verdensmarkedet | DEMEX","isPartOf":{"@id":"https:\/\/www.demex.fr\/no\/#website"},"datePublished":"2022-06-10T07:41:52+00:00","dateModified":"2022-06-10T07:41:52+00:00","breadcrumb":{"@id":"https:\/\/www.demex.fr\/no\/produkt\/blomkal\/#breadcrumb"},"inLanguage":"nb-NO","potentialAction":[{"@type":"ReadAction","target":["https:\/\/www.demex.fr\/no\/produkt\/blomkal\/"]}]},{"@type":"BreadcrumbList","@id":"https:\/\/www.demex.fr\/no\/produkt\/blomkal\/#breadcrumb","itemListElement":[{"@type":"ListItem","position":1,"name":"Accueil","item":"https:\/\/www.demex.fr\/no\/"},{"@type":"ListItem","position":2,"name":"V\u00e5re produkter","item":"https:\/\/www.demex.fr\/no\/vare-produkter\/"},{"@type":"ListItem","position":3,"name":"Blomk\u00e5l"}]},{"@type":"WebSite","@id":"https:\/\/www.demex.fr\/no\/#website","url":"https:\/\/www.demex.fr\/no\/","name":"DEMEX","description":"N\u00e9goce-Conditionneur en Pommes de terre","publisher":{"@id":"https:\/\/www.demex.fr\/no\/#organization"},"potentialAction":[{"@type":"SearchAction","target":{"@type":"EntryPoint","urlTemplate":"https:\/\/www.demex.fr\/no\/?s={search_term_string}"},"query-input":"required name=search_term_string"}],"inLanguage":"nb-NO"},{"@type":"Organization","@id":"https:\/\/www.demex.fr\/no\/#organization","name":"DEMEX","url":"https:\/\/www.demex.fr\/no\/","logo":{"@type":"ImageObject","inLanguage":"nb-NO","@id":"https:\/\/www.demex.fr\/no\/#\/schema\/logo\/image\/","url":"https:\/\/demex.lilyweb.fr\/wp-content\/uploads\/2022\/02\/logo-Demex.png","contentUrl":"https:\/\/demex.lilyweb.fr\/wp-content\/uploads\/2022\/02\/logo-Demex.png","width":145,"height":63,"caption":"DEMEX"},"image":{"@id":"https:\/\/www.demex.fr\/no\/#\/schema\/logo\/image\/"},"sameAs":["https:\/\/fr-fr.facebook.com\/people\/DEMEX-Potatoes-Vegetables\/100071674261658\/"]}]}},"_links":{"self":[{"href":"https:\/\/www.demex.fr\/no\/wp-json\/wp\/v2\/product\/5553","targetHints":{"allow":["GET"]}}],"collection":[{"href":"https:\/\/www.demex.fr\/no\/wp-json\/wp\/v2\/product"}],"about":[{"href":"https:\/\/www.demex.fr\/no\/wp-json\/wp\/v2\/types\/product"}],"wp:featuredmedia":[{"embeddable":true,"href":"https:\/\/www.demex.fr\/no\/wp-json\/wp\/v2\/media\/4313"}],"wp:attachment":[{"href":"https:\/\/www.demex.fr\/no\/wp-json\/wp\/v2\/media?parent=5553"}],"wp:term":[{"taxonomy":"product_cat","embeddable":true,"href":"https:\/\/www.demex.fr\/no\/wp-json\/wp\/v2\/product_cat?post=5553"},{"taxonomy":"product_tag","embeddable":true,"href":"https:\/\/www.demex.fr\/no\/wp-json\/wp\/v2\/product_tag?post=5553"}],"curies":[{"name":"wp","href":"https:\/\/api.w.org\/{rel}","templated":true}]}}